{"id":143,"date":"2017-09-05T12:04:07","date_gmt":"2017-09-05T12:04:07","guid":{"rendered":"http:\/\/corcovada37.eu\/?page_id=143"},"modified":"2018-06-19T20:33:01","modified_gmt":"2018-06-19T20:33:01","slug":"contact","status":"publish","type":"page","link":"http:\/\/corcovada37.eu\/es\/contact\/","title":{"rendered":"Contacto"},"content":{"rendered":"<p><\/p>\n<div class=\"art-content-layout layout-item-0\">\n<div class=\"art-content-layout-row\">\n<div class=\"art-layout-cell layout-item-1\" style=\"width: 100%;\">\n<h3 class=\"r\"><span style=\"color: #132735; -webkit-border-vertical-spacing: 30px;\"><span style=\"font-family: Verdana, Geneva, Arial, Helvetica, sans-serif; font-size: 16px; font-weight: bold; line-height: 22px; text-transform: uppercase; color: #31678d; text-shadow: rgba(255, 250, 235, 0.589844) 0px 1px 0px;\">Contacto<\/span><\/span><\/h3>\n<p style=\"margin-top: 30px;\"><span style=\"color: #172f40;\"><span style=\"color: #152c3c; -webkit-border-horizontal-spacing: 20px;\"><span style=\"color: #31678d; font-weight: bold; font-size: 14px;\">Para cualquier informaci\u00f3n o consulta sobre el apartamento puede ponerse en contacto con nosotros por correo o tel\u00e9fono, tambi\u00e9n puede rellenar el siguiente formulario y enviarnoslo.<\/span><\/span><\/span><\/p>\n<p style=\"margin-top: 20px; line-height: 13px;\"><span style=\"color: #152c3c; -webkit-border-horizontal-spacing: 20px;\"><span style=\"color: #31678d; font-weight: bold; font-size: 14px;\">Movil:\u00a0 \u00a0 \u00a0 \u00a0 \u00a0 \u00a0 \u00a0 \u00a0 +31 653 268 162<\/span>\u00a0<\/span><\/p>\n<p style=\"margin-top: 20px; margin-bottom: 5px;\"><span style=\"line-height: 13px; -webkit-border-horizontal-spacing: 20px;\"><span style=\"color: #31678d; font-weight: bold; font-size: 14px;\">WhatsApp:\u00a0 \u00a0 \u00a0 \u00a0 +31 653 268 162<\/span><\/span><\/p>\n<p style=\"margin-top: 20px; margin-bottom: 5px;\"><span style=\"line-height: 13px; -webkit-border-horizontal-spacing: 20px;\"><span style=\"color: #31678d; font-weight: bold; font-size: 14px;\">P\u00e1gina web:\u00a0 \u00a0 \u00a0 \u00a0http:\/\/www.corcovada37.eu \u00a0<\/span><\/span><\/p>\n<p style=\"margin-top: 20px; margin-bottom: 5px;\"><span style=\"line-height: 13px; -webkit-border-horizontal-spacing: 20px;\"><span style=\"color: #31678d; font-weight: bold; font-size: 14px;\">\u00a0 \u00a0 \u00a0 \u00a0 \u00a0 \u00a0 \u00a0 \u00a0 \u00a0 \u00a0 \u00a0 \u00a0 \u00a0 \u00a0 http:\/\/www.apartmentcorcovada37.com<\/span><\/span><\/p>\n<p style=\"margin-top: 20px; margin-bottom: 5px;\"><span style=\"line-height: 13px; -webkit-border-horizontal-spacing: 20px;\"><span style=\"color: #31678d; font-weight: bold; font-size: 14px;\">Correo electr\u00f3nico: \u00a0 \u00a0 \u00a0 \u00a0 info@corcovada37.eu<\/span>\u00a0<\/span><\/p>\n<p>&nbsp;<\/p>\n<div class=\"caldera-grid\" id=\"caldera_form_2\" data-cf-ver=\"1.8.3\" data-cf-form-id=\"CF5a0857550880b\"><div id=\"caldera_notices_2\" data-spinner=\"http:\/\/corcovada37.eu\/wp-admin\/images\/spinner.gif\"><\/div><form data-instance=\"2\" class=\"CF5a0857550880b caldera_forms_form\" method=\"POST\" enctype=\"multipart\/form-data\" id=\"CF5a0857550880b_2\" data-form-id=\"CF5a0857550880b\" aria-label=\"Contacto\">\r\n<input type=\"hidden\" id=\"_cf_verify_CF5a0857550880b\" name=\"_cf_verify\" value=\"3d0a847361\"  data-nonce-time=\"1775404051\" \/><input type=\"hidden\" name=\"_wp_http_referer\" value=\"\/es\/wp-json\/wp\/v2\/pages\/143\" \/><div id=\"cf2-CF5a0857550880b_2\"><\/div><input type=\"hidden\" name=\"_cf_frm_id\" value=\"CF5a0857550880b\">\r\n<input type=\"hidden\" name=\"_cf_frm_ct\" value=\"2\">\r\n<input type=\"hidden\" name=\"_cf_cr_pst\" value=\"143\">\r\n<div class=\"hide\" style=\"display:none; overflow:hidden;height:0;width:0;\">\r\n<label>Order Number<\/label><input type=\"text\" name=\"order_number\" value=\"\" autocomplete=\"off\">\r\n<\/div><div id=\"CF5a0857550880b_2-row-1\"  class=\"row  first_row\"><div  class=\"col-sm-4  first_col\"><div data-field-wrapper=\"fld_8768091\" class=\"form-group\" id=\"fld_8768091_2-wrap\">\r\n\t<label id=\"fld_8768091Label\" for=\"fld_8768091_2\" class=\"control-label\">Tu nombre <span aria-hidden=\"true\" role=\"presentation\" class=\"field_required\" style=\"color:#ee0000;\">*<\/span><\/label>\r\n\t<div class=\"\">\r\n\t\t<input   required type=\"text\" data-field=\"fld_8768091\" class=\" form-control\" id=\"fld_8768091_2\" name=\"fld_8768091\" value=\"\" data-type=\"text\" aria-required=\"true\"   aria-labelledby=\"fld_8768091Label\" >\t\t\t<\/div>\r\n<\/div>\r\n<\/div><div  class=\"col-sm-4 \"><div data-field-wrapper=\"fld_9970286\" class=\"form-group\" id=\"fld_9970286_2-wrap\">\r\n\t<label id=\"fld_9970286Label\" for=\"fld_9970286_2\" class=\"control-label\">N\u00famero de tel\u00e9fono <span aria-hidden=\"true\" role=\"presentation\" class=\"field_required\" style=\"color:#ee0000;\">*<\/span><\/label>\r\n\t<div class=\"\">\r\n\t\t<input  data-inputmask=\"'mask': '(999)999-9999'\"  required type=\"phone\" data-field=\"fld_9970286\" class=\" form-control\" id=\"fld_9970286_2\" name=\"fld_9970286\" value=\"\" data-type=\"phone\" aria-required=\"true\"   aria-labelledby=\"fld_9970286Label\" >\t\t\t<\/div>\r\n<\/div>\r\n<\/div><div  class=\"col-sm-4  last_col\"><div data-field-wrapper=\"fld_6009157\" class=\"form-group\" id=\"fld_6009157_2-wrap\">\r\n\t<label id=\"fld_6009157Label\" for=\"fld_6009157_2\" class=\"control-label\">Correo electr\u00f3nico <span aria-hidden=\"true\" role=\"presentation\" class=\"field_required\" style=\"color:#ee0000;\">*<\/span><\/label>\r\n\t<div class=\"\">\r\n\t\t<input   required type=\"email\" data-field=\"fld_6009157\" class=\" form-control\" id=\"fld_6009157_2\" name=\"fld_6009157\" value=\"\" data-type=\"email\" aria-required=\"true\"   aria-labelledby=\"fld_6009157Label\" >\t\t\t<\/div>\r\n<\/div>\r\n<\/div><\/div><div id=\"CF5a0857550880b_2-row-2\"  class=\"row \"><div  class=\"col-sm-12  single\"><div data-field-wrapper=\"fld_7683514\" class=\"form-group\" id=\"fld_7683514_2-wrap\">\r\n\t<label id=\"fld_7683514Label\" for=\"fld_7683514_2\" class=\"control-label\">Tu mensaje \/ pregunta <span aria-hidden=\"true\" role=\"presentation\" class=\"field_required\" style=\"color:#ee0000;\">*<\/span><\/label>\r\n\t<div class=\"\">\r\n\t\t<textarea name=\"fld_7683514\" value=\"\" data-field=\"fld_7683514\" class=\"form-control\" id=\"fld_7683514_2\" rows=\"5\"  required=\"required\"  aria-labelledby=\"fld_7683514Label\" ><\/textarea>\r\n\t\t\t<\/div>\r\n<\/div>\r\n<\/div><\/div><div id=\"CF5a0857550880b_2-row-3\"  class=\"row  last_row\"><div  class=\"col-sm-12  single\"><div data-field-wrapper=\"fld_7908577\" class=\"form-group\" id=\"fld_7908577_2-wrap\">\r\n\t<label class=\"control-label\">&nbsp;<\/label>\r\n<div class=\"\">\r\n\t<input  class=\"btn btn-default\" type=\"submit\" name=\"fld_7908577\" id=\"fld_7908577_2\" value=\"Envio\" data-field=\"fld_7908577\"  >\r\n<\/div>\r\n<\/div>\r\n\t<input class=\"button_trigger_2\" type=\"hidden\" name=\"fld_7908577\" id=\"fld_7908577_2_btn\" value=\"\" data-field=\"fld_7908577\"  \/>\r\n<\/div><\/div><\/form>\r\n<\/div>\r\n\n<\/div>\n<\/div>\n<\/div>\n<p><\/p>","protected":false},"excerpt":{"rendered":"<p>Contacto Para cualquier informaci\u00f3n o consulta sobre el apartamento puede ponerse en contacto con nosotros por correo o tel\u00e9fono, tambi\u00e9n puede rellenar el siguiente formulario y enviarnoslo. Movil:\u00a0 \u00a0 \u00a0 \u00a0 \u00a0 \u00a0 \u00a0 \u00a0 +31 653 268 162\u00a0 WhatsApp:\u00a0 \u00a0 \u00a0 \u00a0 +31 653 268 162 P\u00e1gina web:\u00a0 \u00a0 \u00a0 \u00a0http:\/\/www.corcovada37.eu \u00a0 \u00a0 \u00a0 [&hellip;]<\/p>\n","protected":false},"author":1,"featured_media":0,"parent":0,"menu_order":11,"comment_status":"closed","ping_status":"closed","template":"","meta":{"_mi_skip_tracking":false,"footnotes":""},"_links":{"self":[{"href":"http:\/\/corcovada37.eu\/es\/wp-json\/wp\/v2\/pages\/143"}],"collection":[{"href":"http:\/\/corcovada37.eu\/es\/wp-json\/wp\/v2\/pages"}],"about":[{"href":"http:\/\/corcovada37.eu\/es\/wp-json\/wp\/v2\/types\/page"}],"author":[{"embeddable":true,"href":"http:\/\/corcovada37.eu\/es\/wp-json\/wp\/v2\/users\/1"}],"replies":[{"embeddable":true,"href":"http:\/\/corcovada37.eu\/es\/wp-json\/wp\/v2\/comments?post=143"}],"version-history":[{"count":13,"href":"http:\/\/corcovada37.eu\/es\/wp-json\/wp\/v2\/pages\/143\/revisions"}],"predecessor-version":[{"id":1039,"href":"http:\/\/corcovada37.eu\/es\/wp-json\/wp\/v2\/pages\/143\/revisions\/1039"}],"wp:attachment":[{"href":"http:\/\/corcovada37.eu\/es\/wp-json\/wp\/v2\/media?parent=143"}],"curies":[{"name":"wp","href":"https:\/\/api.w.org\/{rel}","templated":true}]}}