{"id":140,"date":"2017-09-05T12:04:04","date_gmt":"2017-09-05T12:04:04","guid":{"rendered":"http:\/\/corcovada37.eu\/?page_id=140"},"modified":"2022-09-30T13:15:05","modified_gmt":"2022-09-30T13:15:05","slug":"prijzen","status":"publish","type":"page","link":"http:\/\/corcovada37.eu\/es\/prijzen\/","title":{"rendered":"Precios"},"content":{"rendered":"<p><\/p>\n<div class=\"art-content-layout layout-item-0\">\n<div class=\"art-content-layout-row\">\n<div class=\"art-layout-cell layout-item-1\" style=\"width: 100%;\">\n<h3 class=\"r\"><span style=\"color: #31678d; font-family: Verdana, Geneva, Arial, Helvetica, sans-serif; font-size: 16px; font-weight: bold; line-height: 22px; text-transform: uppercase; -webkit-border-vertical-spacing: 30px;\">PRecios<\/span><\/h3>\n<p>Le gustar\u00eda recibir un presupuesto por un per\u00edodo de tiempo determinado,<br \/>\nenv\u00ede el formulario en la p\u00e1gina Calendario\u00a0| Reservar.<\/p>\n<table class=\"art-article\" style=\"color: #172f40;\">\n<tbody>\n<tr>\n<td style=\"width: 258.8px; border-color: #d7a870; padding: 7px;\"><span style=\"color: #000000;\">Periodo minio de 7 noches<\/span><\/td>\n<td style=\"text-align: right; width: 77.2px; border-color: #d7a870; padding: 7px;\"><span style=\"color: #000000;\">por dia<\/span><\/td>\n<td style=\"text-align: right; width: 72.4px; border-color: #d7a870; padding: 7px;\"><span style=\"color: #000000;\">7 d\u00edas<\/span><\/td>\n<td style=\"text-align: right; width: 73.2px; border-color: #d7a870; padding: 7px;\"><span style=\"color: #000000;\">28 d\u00edas<\/span><\/td>\n<\/tr>\n<tr>\n<td style=\"width: 258.8px; border-color: #d7a870; padding: 7px;\"><span style=\"color: #000000;\">01-10-22 \/ 31-10-22<\/span><\/td>\n<td style=\"text-align: right; width: 77.2px; border-color: #d7a870; padding: 7px;\">80<\/td>\n<td style=\"text-align: right; width: 72.4px; border-color: #d7a870; padding: 7px;\">420<\/td>\n<td style=\"text-align: right; width: 73.2px; border-color: #d7a870; padding: 7px;\">1000<\/td>\n<\/tr>\n<tr>\n<td style=\"width: 258.8px; border-color: #d7a870; padding: 7px;\"><span style=\"color: #000000;\">01-11-22 \/ 18-12-22<\/span><\/td>\n<td style=\"text-align: right; width: 77.2px; border-color: #d7a870; padding: 7px;\">60<\/td>\n<td style=\"text-align: right; width: 72.4px; border-color: #d7a870; padding: 7px;\">350<\/td>\n<td style=\"text-align: right; width: 73.2px; border-color: #d7a870; padding: 7px;\">800<\/td>\n<\/tr>\n<tr>\n<td style=\"width: 258.8px; border-color: #d7a870; padding: 7px;\"><span style=\"color: #000000;\">18-12-22 \/ 04-01-23<\/span><\/td>\n<td style=\"text-align: right; width: 77.2px; border-color: #d7a870; padding: 7px;\"><span style=\"color: #000000;\">90<\/span><\/td>\n<td style=\"text-align: right; width: 72.4px; border-color: #d7a870; padding: 7px;\"><span style=\"color: #000000;\">500<\/span><\/td>\n<td style=\"text-align: right; width: 73.2px; border-color: #d7a870; padding: 7px;\"><\/td>\n<\/tr>\n<tr>\n<td style=\"width: 258.8px; border-color: #d7a870; padding: 7px;\">05-01-23 \/ 31-03-23<\/td>\n<td style=\"text-align: right; width: 77.2px; border-color: #d7a870; padding: 7px;\">60<\/td>\n<td style=\"text-align: right; width: 72.4px; border-color: #d7a870; padding: 7px;\">350<\/td>\n<td style=\"width: 73.2px; border-color: #d7a870; padding: 7px; text-align: right;\">800<\/td>\n<\/tr>\n<tr>\n<td style=\"width: 258.8px; border-color: #d7a870; padding: 7px;\">01-04-23 \/ 30-04-23<\/td>\n<td style=\"text-align: right; width: 77.2px; border-color: #d7a870; padding: 7px;\">80<\/td>\n<td style=\"text-align: right; width: 72.4px; border-color: #d7a870; padding: 7px;\">420<\/td>\n<td style=\"text-align: right; width: 73.2px; border-color: #d7a870; padding: 7px;\">1000<\/td>\n<\/tr>\n<tr>\n<td style=\"width: 258.8px; border-color: #d7a870; padding: 7px;\">01-05-23 \/ 31-05-23<\/td>\n<td style=\"text-align: right; width: 77.2px; border-color: #d7a870; padding: 7px;\">90<\/td>\n<td style=\"text-align: right; width: 72.4px; border-color: #d7a870; padding: 7px;\">500<\/td>\n<td style=\"text-align: right; width: 73.2px; border-color: #d7a870; padding: 7px;\">1200<\/td>\n<\/tr>\n<tr>\n<td style=\"width: 258.8px; border-color: #d7a870; padding: 7px;\">01-06-23 \/ 16-06-23<\/td>\n<td style=\"text-align: right; width: 77.2px; border-color: #d7a870; padding: 7px;\">100<\/td>\n<td style=\"text-align: right; width: 72.4px; border-color: #d7a870; padding: 7px;\">600<\/td>\n<td style=\"width: 73.2px; border-color: #d7a870; padding: 7px; text-align: right;\">1400<\/td>\n<\/tr>\n<tr>\n<td style=\"width: 258.8px; border-color: #d7a870; padding: 7px;\">17-06-23 \/ 07-07-23<\/td>\n<td style=\"text-align: right; width: 77.2px; border-color: #d7a870; padding: 7px;\">130<\/td>\n<td style=\"text-align: right; width: 72.4px; border-color: #d7a870; padding: 7px;\">780<\/td>\n<td style=\"text-align: right; width: 73.2px; border-color: #d7a870; padding: 7px;\"><\/td>\n<\/tr>\n<tr>\n<td style=\"width: 258.8px; border-color: #d7a870; padding: 7px;\">08-07-23\/ 21-07-23<\/td>\n<td style=\"text-align: right; width: 77.2px; border-color: #d7a870; padding: 7px;\">165<\/td>\n<td style=\"text-align: right; width: 72.4px; border-color: #d7a870; padding: 7px;\">1025<\/td>\n<td style=\"text-align: right; width: 73.2px; border-color: #d7a870; padding: 7px;\"><\/td>\n<\/tr>\n<tr>\n<td style=\"width: 258.8px; border-color: #d7a870; padding: 7px;\">22-07-23 \/ 06-08-23<\/td>\n<td style=\"text-align: right; width: 77.2px; border-color: #d7a870; padding: 7px;\">195<\/td>\n<td style=\"text-align: right; width: 72.4px; border-color: #d7a870; padding: 7px;\">1190<\/td>\n<td style=\"text-align: right; width: 73.2px; border-color: #d7a870; padding: 7px;\"><\/td>\n<\/tr>\n<tr>\n<td style=\"width: 258.8px; border-color: #d7a870; padding: 7px;\">07-08-23 \/ 20-08-23<\/td>\n<td style=\"text-align: right; width: 77.2px; border-color: #d7a870; padding: 7px;\">165<\/td>\n<td style=\"text-align: right; width: 72.4px; border-color: #d7a870; padding: 7px;\">1025<\/td>\n<td style=\"width: 73.2px; border-color: #d7a870; padding: 7px; text-align: right;\"><\/td>\n<\/tr>\n<tr>\n<td style=\"width: 258.8px; border-color: #d7a870; padding: 7px;\">21-08-23 \/ 03-09-23<\/td>\n<td style=\"text-align: right; width: 77.2px; border-color: #d7a870; padding: 7px;\">130<\/td>\n<td style=\"text-align: right; width: 72.4px; border-color: #d7a870; padding: 7px;\">780<\/td>\n<td style=\"width: 73.2px; border-color: #d7a870; padding: 7px; text-align: right;\"><\/td>\n<\/tr>\n<tr>\n<td style=\"width: 258.8px; border-color: #d7a870; padding: 7px;\">04-09-22 \/ 30-09-22<\/td>\n<td style=\"text-align: right; width: 77.2px; border-color: #d7a870; padding: 7px;\">100<\/td>\n<td style=\"text-align: right; width: 72.4px; border-color: #d7a870; padding: 7px;\">600<\/td>\n<td style=\"text-align: right; width: 73.2px; border-color: #d7a870; padding: 7px;\">1400<\/td>\n<\/tr>\n<tr>\n<td style=\"width: 258.8px; border-color: #d7a870; padding: 7px;\">01-10-23\/ 31-10-23<\/td>\n<td style=\"text-align: right; width: 77.2px; border-color: #d7a870; padding: 7px;\"><span style=\"color: #000000;\">80<\/span><\/td>\n<td style=\"text-align: right; width: 72.4px; border-color: #d7a870; padding: 7px;\"><span style=\"color: #000000;\">420<\/span><\/td>\n<td style=\"text-align: right; width: 73.2px; border-color: #d7a870; padding: 7px;\">1000<\/td>\n<\/tr>\n<tr>\n<td style=\"width: 258.8px; border-color: #d7a870; padding: 7px;\">01-11-23 \/ 17-12-23<\/td>\n<td style=\"text-align: right; width: 77.2px; border-color: #d7a870; padding: 7px;\"><span style=\"color: #000000;\">60<\/span><\/td>\n<td style=\"text-align: right; width: 72.4px; border-color: #d7a870; padding: 7px;\"><span style=\"color: #000000;\">350<\/span><\/td>\n<td style=\"width: 73.2px; border-color: #d7a870; padding: 7px; text-align: right;\">800<\/td>\n<\/tr>\n<tr>\n<td style=\"width: 258.8px; border-color: #d7a870; padding: 7px;\">18-12-22 \/ 04-01-24<\/td>\n<td style=\"text-align: right; width: 77.2px; border-color: #d7a870; padding: 7px;\"><span style=\"color: #000000;\">90<\/span><\/td>\n<td style=\"text-align: right; width: 72.4px; border-color: #d7a870; padding: 7px;\"><span style=\"color: #000000;\">500<\/span><\/td>\n<td style=\"width: 73.2px; border-color: #d7a870; padding: 7px; text-align: right;\"><\/td>\n<\/tr>\n<tr>\n<td style=\"width: 526px; border-color: #d7a870; padding: 7px;\" colspan=\"4\"><span style=\"color: #000000;\">Precio en euro<\/span><br \/>\n<span style=\"color: #000000;\">El precio incluye energ\u00eda, ropa de cama, toallas, wifi.<\/span><br \/>\n<span style=\"color: #000000;\">Excluida la contribuci\u00f3n de energ\u00eda \u20ac 2.00 por persona \/ por d\u00eda.<\/span><br \/>\n<span style=\"color: #000000;\">Excluida la contribuci\u00f3n de invitados limpieza final \u20ac 70.00.<\/span><\/td>\n<\/tr>\n<\/tbody>\n<\/table>\n<p style=\"margin-top: 20px;\"><a href=\"http:\/\/corcovada37.eu\/wp-content\/uploads\/2017\/09\/reglasdealquiler.pdf\" target=\"_blank\" rel=\"noopener noreferrer\">Lea las Reglas de la Casa aqui<\/a><\/p>\n<p style=\"margin-top: 20px; margin-bottom: 5px;\">\n<\/div>\n<\/div>\n<\/div>\n<p><\/p>","protected":false},"excerpt":{"rendered":"<p>PRecios Le gustar\u00eda recibir un presupuesto por un per\u00edodo de tiempo determinado, env\u00ede el formulario en la p\u00e1gina Calendario\u00a0| Reservar. Periodo minio de 7 noches por dia 7 d\u00edas 28 d\u00edas 01-10-22 \/ 31-10-22 80 420 1000 01-11-22 \/ 18-12-22 60 350 800 18-12-22 \/ 04-01-23 90 500 05-01-23 \/ 31-03-23 60 350 800 01-04-23 [&hellip;]<\/p>\n","protected":false},"author":1,"featured_media":0,"parent":0,"menu_order":8,"comment_status":"closed","ping_status":"closed","template":"","meta":{"_mi_skip_tracking":false,"footnotes":""},"_links":{"self":[{"href":"http:\/\/corcovada37.eu\/es\/wp-json\/wp\/v2\/pages\/140"}],"collection":[{"href":"http:\/\/corcovada37.eu\/es\/wp-json\/wp\/v2\/pages"}],"about":[{"href":"http:\/\/corcovada37.eu\/es\/wp-json\/wp\/v2\/types\/page"}],"author":[{"embeddable":true,"href":"http:\/\/corcovada37.eu\/es\/wp-json\/wp\/v2\/users\/1"}],"replies":[{"embeddable":true,"href":"http:\/\/corcovada37.eu\/es\/wp-json\/wp\/v2\/comments?post=140"}],"version-history":[{"count":71,"href":"http:\/\/corcovada37.eu\/es\/wp-json\/wp\/v2\/pages\/140\/revisions"}],"predecessor-version":[{"id":1178,"href":"http:\/\/corcovada37.eu\/es\/wp-json\/wp\/v2\/pages\/140\/revisions\/1178"}],"wp:attachment":[{"href":"http:\/\/corcovada37.eu\/es\/wp-json\/wp\/v2\/media?parent=140"}],"curies":[{"name":"wp","href":"https:\/\/api.w.org\/{rel}","templated":true}]}}