{"id":136,"date":"2017-09-05T12:04:00","date_gmt":"2017-09-05T12:04:00","guid":{"rendered":"http:\/\/corcovada37.eu\/?page_id=136"},"modified":"2017-11-25T21:03:52","modified_gmt":"2017-11-25T21:03:52","slug":"albums","status":"publish","type":"page","link":"http:\/\/corcovada37.eu\/es\/albums\/","title":{"rendered":"\u00c1lbumes | Enlaces de Video"},"content":{"rendered":"<p><\/p>\n<div class=\"art-content-layout layout-item-0\">\n<div class=\"art-content-layout-row\">\n<div class=\"art-layout-cell layout-item-1\" style=\"width: 100%;\">\n<h3 class=\"r\"><span style=\"color: #132735; -webkit-border-vertical-spacing: 30px;\"><span style=\"font-family: Verdana, Geneva, Arial, Helvetica, sans-serif; font-size: 16px; font-weight: bold; line-height: 22px; text-transform: uppercase; color: #31678d; text-shadow: rgba(255, 250, 235, 0.589844) 0px 1px 0px;\">\u00e1lbumes | enlaces de video<\/span><\/span><\/h3>\n<p style=\"margin-top: 30px;\"><span style=\"color: #31678d;\"><span style=\"font-size: 14px;\"><b>En el men\u00fa de la izquierda est\u00e1n los \u00e1lbumes del apartamento, los alrededores y las playas para ver.<\/b><\/span><\/span><\/p>\n<p style=\"margin-top: 20px; margin-bottom: 5px;\">A continuaci\u00f3n se muestran algunos enlaces a videos de Albufeira y alrededores.<\/p>\n<p><strong><a href=\"https:\/\/www.youtube.com\/watch?v=BaV68YLOLIc&amp;feature=youtu.be\" target=\"_blank\" rel=\"noopener\">Praia de Fal\u00e9sia<\/a><\/strong><\/p>\n<p><strong><a href=\"https:\/\/www.youtube.com\/watch?v=uBMQFQVx3Pc\" target=\"_blank\" rel=\"noopener\">Things to do in Albufeira<\/a>, Que hacer en Albufeira<\/strong><\/p>\n<p><strong><a href=\"https:\/\/www.youtube.com\/watch?v=06Qqj0-P3S0\" target=\"_blank\" rel=\"noopener\">Algarve, Top 9 must see\u00a0<\/a>, Top 9 debe ver<\/strong><\/p>\n<p><strong><a href=\"https:\/\/www.youtube.com\/watch?v=QvnGg55T-hI\" target=\"_blank\" rel=\"noopener\">Portugal &#8211; Unbelievable Algarve beaches from above [Drone]<\/a>,\u00a0incre\u00edbles playas del Algarve desde arriba<\/strong><\/p>\n<p><strong><a href=\"https:\/\/www.youtube.com\/watch?v=Z4NhC7Tr2fQ\" target=\"_blank\" rel=\"noopener\">Albufeira Old Town at Night<\/a>,\u00a0por la noche en el casco antiguo de Albufeira<\/strong><\/p>\n<p><strong><a href=\"https:\/\/www.youtube.com\/watch?v=k7ctjfl6ZVk\" target=\"_blank\" rel=\"noopener\">Albufeira Shopping<\/a>,\u00a0Compras en Albufeira<\/strong><\/p>\n<p><strong><a href=\"https:\/\/www.youtube.com\/watch?v=4k17qYYL0dg\" target=\"_blank\" rel=\"noopener\">Albufeira Tourist Train<\/a>, Tren Turistico<\/strong><\/p>\n<p><strong><a href=\"http:\/\/albufeira.com\/gallery\/videos\/\" target=\"_blank\" rel=\"noopener\">Albufeira Western Beaches<\/a>, Playas Oeste<\/strong><\/p>\n<\/div>\n<\/div>\n<\/div>\n<p><\/p>","protected":false},"excerpt":{"rendered":"<p>\u00e1lbumes | enlaces de video En el men\u00fa de la izquierda est\u00e1n los \u00e1lbumes del apartamento, los alrededores y las playas para ver. A continuaci\u00f3n se muestran algunos enlaces a videos de Albufeira y alrededores. Praia de Fal\u00e9sia Things to do in Albufeira, Que hacer en Albufeira Algarve, Top 9 must see\u00a0, Top 9 debe [&hellip;]<\/p>\n","protected":false},"author":1,"featured_media":0,"parent":0,"menu_order":4,"comment_status":"closed","ping_status":"closed","template":"","meta":{"_mi_skip_tracking":false,"footnotes":""},"_links":{"self":[{"href":"http:\/\/corcovada37.eu\/es\/wp-json\/wp\/v2\/pages\/136"}],"collection":[{"href":"http:\/\/corcovada37.eu\/es\/wp-json\/wp\/v2\/pages"}],"about":[{"href":"http:\/\/corcovada37.eu\/es\/wp-json\/wp\/v2\/types\/page"}],"author":[{"embeddable":true,"href":"http:\/\/corcovada37.eu\/es\/wp-json\/wp\/v2\/users\/1"}],"replies":[{"embeddable":true,"href":"http:\/\/corcovada37.eu\/es\/wp-json\/wp\/v2\/comments?post=136"}],"version-history":[{"count":30,"href":"http:\/\/corcovada37.eu\/es\/wp-json\/wp\/v2\/pages\/136\/revisions"}],"predecessor-version":[{"id":1010,"href":"http:\/\/corcovada37.eu\/es\/wp-json\/wp\/v2\/pages\/136\/revisions\/1010"}],"wp:attachment":[{"href":"http:\/\/corcovada37.eu\/es\/wp-json\/wp\/v2\/media?parent=136"}],"curies":[{"name":"wp","href":"https:\/\/api.w.org\/{rel}","templated":true}]}}