{"id":135,"date":"2017-09-05T12:03:59","date_gmt":"2017-09-05T12:03:59","guid":{"rendered":"http:\/\/corcovada37.eu\/?page_id=135"},"modified":"2019-03-22T16:00:47","modified_gmt":"2019-03-22T16:00:47","slug":"omgeving","status":"publish","type":"page","link":"http:\/\/corcovada37.eu\/es\/omgeving\/","title":{"rendered":"Alrededores"},"content":{"rendered":"<p><\/p>\n<div class=\"art-content-layout layout-item-0\">\n<div class=\"art-content-layout-row\">\n<div class=\"art-layout-cell layout-item-1\" style=\"width: 100%;\">\n<h3 class=\"r\"><span style=\"color: #152c3c;\"><span style=\"color: #132735; -webkit-border-vertical-spacing: 30px;\"><span style=\"font-family: Verdana, Geneva, Arial, Helvetica, sans-serif; font-size: 16px; font-weight: bold; line-height: 22px; text-transform: uppercase; color: #31678d; text-shadow: rgba(255, 250, 235, 0.589844) 0px 1px 0px;\">alrededores<\/span><\/span><\/span><\/h3>\n<h4 style=\"margin-top: 30px;\"><span style=\"color: #31678d;\"><b>En las inmediaciones del apartamento hay mucho que ver y experimentar.<\/b><\/span><\/h4>\n<p>El Parque da Corcovada se encuentra a pocos minutos de la ciudad de Albufeira y del casco antiguo.<br \/>\nUn bonito y acogedor y sobre todo hermoso casco antiguo donde hay mucho que ver y hacer.<br \/>\nCon calles que terminan en las playas de Praia dos Pescadores y Praia do Peneco, hermosas playas de arena.<br \/>\nSorpr\u00e9ndase y camine por estas peque\u00f1as calles con sus muchas tiendas, terrazas y restaurantes.<br \/>\nLas terrazas y restaurantes tambi\u00e9n son abundantes cerca de las playas y dan una gran vista.<\/p>\n<p>A 10 minutos a pie del apartamento se encuentra la famosa franja de Albufeira, llena de vida hasta altas horas de la noche con muchos bares, tiendas y restaurantes. Definitivamente vale la pena una visita. En la Franja, el tren tur\u00edstico de Albufeira sale cada 20 minutos hacia el casco antiguo de la ciudad. Ni\u00f1os hasta 5 a\u00f1os gratis. Para informaci\u00f3n\u00a0\u00a0<a href=\"http:\/\/albufeira.com\/info\/transports\" target=\"_blank\" rel=\"noopener noreferrer\">http:\/\/albufeira.com\/info\/transports<\/a>.<\/p>\n<p>El autob\u00fas de la L\u00ednea Verde tambi\u00e9n puede llevarle al casco antiguo, una parada de autob\u00fas en la rotonda de Corcovada. La L\u00ednea Azul te trae de vuelta. Para el horario visite\u00a0\u00a0<a href=\"http:\/\/albufeira.com\/info\/transports\" target=\"_blank\" rel=\"noopener noreferrer\">http:\/\/albufeira.com\/info\/transports<\/a>.<\/p>\n<p>En la pagina web\u00a0<a href=\"http:\/\/albufeira.com\" target=\"_blank\" rel=\"noopener noreferrer\">http:\/\/albufeira.com<\/a>\u00a0encontrar\u00e1 mucha m\u00e1s informaci\u00f3n. Hay varias c\u00e1maras web, galer\u00edas de fotos, videos y mapas.<\/p>\n<h4 style=\"margin-top: 30px;\"><span style=\"color: #31678d;\"><b>Lugares cercanos;<\/b><\/span><\/h4>\n<ul>\n<li>Aeropuerto de Faro, 40 kil\u00f3metros.<\/li>\n<li>Estaci\u00f3n de ferrocarril de Albufeira a 5 kil\u00f3metros.<\/li>\n<li>Autopista A22 a 8 kilometer.<\/li>\n<li>Campo de golf de Balaila\u00a0 2,5 kilometer<\/li>\n<li>En el Parque da Corcovada hay 2 restaurantes, en la rotonda<\/li>\n<li>&#8211; Roberto\u2019s Piri Piri <a href=\"http:\/\/robertoschickenpiripiri.com\" target=\"_blank\" rel=\"noopener noreferrer\">http:\/\/robertoschickenpiripiri.com<\/a><\/li>\n<li>&#8211; El Nuevo Club Dubliner Corcovada<\/li>\n<\/ul>\n<h4 style=\"margin-top: 30px;\"><span style=\"color: #31678d;\"><b>Algunas atracciones destacadas.<\/b><\/span><\/h4>\n<p>Haga clic en una foto o en el enlace para ir al sitio de atracci\u00f3n.<\/p>\n<table class=\"art-article\" style=\"width: 100%;\" cellpadding=\"3px\">\n<tbody>\n<tr>\n<td style=\"border: 0px solid #ff5a00; vertical-align: top; width: 150px; padding: 2px;\"><a href=\"https:\/\/zoomarine.pt\/es\/\" target=\"_blank\" rel=\"noopener noreferrer\"><img loading=\"lazy\" decoding=\"async\" class=\"alignnone wp-image-645 size-full\" src=\"http:\/\/corcovada37.eu\/wp-content\/uploads\/2017\/09\/zoomarine-150x150.jpg\" width=\"150\" height=\"150\" \/><\/a><\/td>\n<td style=\"border: 0px solid #ff5a00; width: 100%; padding: 2px;\">\n<p style=\"margin-top: 0px;\"><span style=\"color: #152c3c; -webkit-border-horizontal-spacing: 20px;\"><span style=\"color: #31678d; font-weight: bold; font-size: 14px;\">Zoo marine, La marina del zool\u00f3gico.<\/span>\u00a0<\/span><\/p>\n<p style=\"margin-top: 10px;\">Oc\u00e9anos o diversi\u00f3n.<br \/>\nPlaya con piscina de olas, cine 4d, acuario, delfines, espect\u00e1culos de focas y lobos marinos, Bah\u00eda pirata, aves tropicales.<br \/>\nAutob\u00fas propio desde Albufeira<\/p>\n<p style=\"vertical-align: bottom;\"><span style=\"color: #31678d; font-size: 12px;\"><a href=\"https:\/\/www.zoomarine.pt\/es\/\" target=\"_blank\" rel=\"noopener noreferrer\">www.zoomarine.pt\/es\/<\/a><\/span><\/p>\n<\/td>\n<\/tr>\n<tr>\n<td style=\"border: 0px solid #ff5a00; vertical-align: top; width: 150px; padding: 2px;\"><a href=\"https:\/\/www.algarexperience.com\/es\/\" target=\"_blank\" rel=\"noopener noreferrer\"><img loading=\"lazy\" decoding=\"async\" class=\"alignnone wp-image-671 size-full\" src=\"http:\/\/corcovada37.eu\/wp-content\/uploads\/2017\/10\/seadolphin-e1508366101102-300x300.jpg\" width=\"150\" height=\"150\" srcset=\"http:\/\/corcovada37.eu\/wp-content\/uploads\/2017\/10\/seadolphin-e1508366101102-300x300.jpg 300w, http:\/\/corcovada37.eu\/wp-content\/uploads\/2017\/10\/seadolphin-e1508366101102-150x150.jpg 150w, http:\/\/corcovada37.eu\/wp-content\/uploads\/2017\/10\/seadolphin-e1508366101102-768x768.jpg 768w, http:\/\/corcovada37.eu\/wp-content\/uploads\/2017\/10\/seadolphin-e1508366101102-1024x1024.jpg 1024w, http:\/\/corcovada37.eu\/wp-content\/uploads\/2017\/10\/seadolphin-e1508366101102.jpg 1075w\" sizes=\"(max-width: 150px) 100vw, 150px\" \/><\/a><\/td>\n<td style=\"border: 0px solid #ff5a00; width: 100%; padding: 2px;\">\n<p style=\"margin-top: 0px;\"><span style=\"color: #172f40;\"><span style=\"color: #152c3c; -webkit-border-horizontal-spacing: 20px;\"><span style=\"color: #31678d; font-weight: bold; font-size: 14px;\">Algarve Experience, Experiencia Algarve.<\/span>\u00a0<\/span><\/span><\/p>\n<p style=\"margin-top: 10px; margin-bottom: 5px;\">Disfruta del mar.<br \/>\nSafari de delfines, barbacoa y delfines, Pesca deportiva en el mar, Navegaci\u00f3n a vela, barbacoa en la playa al atardecer, trasbordador en cuevas y a lo largo de la costa. Oficina de reservas; Marina Albufeira.<\/p>\n<p style=\"vertical-align: bottom;\"><span style=\"color: #31678d; font-size: 12px;\"><a href=\"https:\/\/www.algarexperience.com\/es\/\" target=\"_blank\" rel=\"noopener noreferrer\">www.algarexperience.com\/es\/<\/a><\/span><\/p>\n<\/td>\n<\/tr>\n<tr>\n<td style=\"border: 0px solid #ff5a00; vertical-align: top; width: 150px; padding: 2px;\"><a href=\"http:\/\/www.alsafaritours.com\" target=\"_blank\" rel=\"noopener noreferrer\"><img loading=\"lazy\" decoding=\"async\" class=\"alignnone wp-image-645 size-full\" src=\"http:\/\/corcovada37.eu\/wp-content\/uploads\/2017\/10\/alsafaritours-e1508366214775-300x297.jpg\" width=\"150\" height=\"150\" \/><\/a><\/td>\n<td style=\"border: 0px solid #ff5a00; width: 100%; padding: 2px;\">\n<p style=\"margin-top: 0px;\"><span style=\"color: #172f40;\"><span style=\"color: #152c3c; -webkit-border-horizontal-spacing: 20px;\"><span style=\"color: #31678d; font-weight: bold; font-size: 14px;\">Alsafari Tours.<\/span>\u00a0<\/span><\/span><\/p>\n<p style=\"margin-top: 10px; margin-bottom: 5px;\">Excursiones en Jeep Safari por el Algarve.<br \/>\nDescubra el Algarve escondido con un jeep a trav\u00e9s de las monta\u00f1as. Observe la puesta de sol en el punto m\u00e1s alto. Safari tours de medio d\u00eda o todo el d\u00eda y tour al atardecer incluyendo cena.<\/p>\n<p style=\"vertical-align: bottom;\"><span style=\"color: #31678d; font-size: 12px;\"><a href=\"http:\/\/www.alsafaritours.com\" target=\"_blank\" rel=\"noopener noreferrer\">www.alsafaritours.com<\/a><\/span><\/p>\n<\/td>\n<\/tr>\n<tr>\n<td style=\"border: 0px solid #ff5a00; vertical-align: top; width: 150px; padding: 2px;\"><a href=\"http:\/\/www.kartingalgarve.com\" target=\"_blank\" rel=\"noopener noreferrer\"><img loading=\"lazy\" decoding=\"async\" class=\"alignnone wp-image-663 size-full\" src=\"http:\/\/corcovada37.eu\/wp-content\/uploads\/2017\/10\/download.jpg\" width=\"150\" height=\"150\" \/><\/a><\/td>\n<td style=\"border: 0px solid #ff5a00; width: 100%; padding: 2px;\">\n<p style=\"margin-top: 0px;\"><span style=\"color: #172f40;\"><span style=\"color: #152c3c; -webkit-border-horizontal-spacing: 20px;\"><span style=\"color: #31678d; font-weight: bold; font-size: 14px;\">Karting Almalcil.<\/span>\u00a0<\/span><\/span><\/p>\n<p>Karting Family park Algarve.<br \/>\nMini Karts para los m\u00e1s peque\u00f1os, karts Junior de 7 a 12 a\u00f1os y karts hasta 390 cc. Buggies off road para explorar el Algarve&#8217; s, Paintball min 8 pers, Trampolines, Rodeo, Mini autos y barcos.<\/p>\n<p style=\"vertical-align: bottom;\"><span style=\"color: #31678d; font-size: 12px;\"><a href=\"http:\/\/www.kartingalgarve.com\" target=\"_blank\" rel=\"noopener noreferrer\">www.kartingalgarve.com<\/a><\/span><\/p>\n<\/td>\n<\/tr>\n<tr>\n<td style=\"border: 0px solid #ff5a00; vertical-align: top; width: 150px; padding: 2px;\"><a href=\"http:\/\/www.aquashowpark.com\/en\" target=\"_blank\" rel=\"noopener noreferrer\"><img loading=\"lazy\" decoding=\"async\" class=\"alignnone wp-image-645 size-full\" src=\"http:\/\/corcovada37.eu\/wp-content\/uploads\/2017\/10\/aquashow-maio-2016-4--300x200.png\" width=\"150\" height=\"150\" \/><\/a><\/td>\n<td style=\"border: 0px solid #ff5a00; width: 100%; padding: 2px;\">\n<p style=\"margin-top: 0px;\"><span style=\"color: #172f40;\"><span style=\"color: #152c3c; -webkit-border-horizontal-spacing: 20px;\"><span style=\"color: #31678d; font-weight: bold; font-size: 14px;\">Aquashow Park.<\/span>\u00a0<\/span><\/span><\/p>\n<p style=\"margin-top: 10px; margin-bottom: 5px;\">Parque Familiar.<br \/>\nPruebe el tobog\u00e1n de ca\u00edda libre de 32 metros, para los adolescentes el tobog\u00e1n de la carrera de velocidad y para los peque\u00f1os Mini parque acu\u00e1tico. Riverslide, Aquakids, doble nave espacial, Waves Pool y mucho m\u00e1s.<\/p>\n<p style=\"vertical-align: bottom;\"><span style=\"color: #31678d; font-size: 12px;\"><a href=\"http:\/\/www.aquashowpark.com\/es\" target=\"_blank\" rel=\"noopener noreferrer\">www.aquashowpark.com\/es<\/a><\/span><\/p>\n<\/td>\n<\/tr>\n<tr>\n<td style=\"border: 0px solid #ff5a00; vertical-align: top; width: 150px; padding: 2px;\"><a href=\"http:\/\/www.algarvebikeholidays.com\" target=\"_blank\" rel=\"noopener noreferrer\"><img loading=\"lazy\" decoding=\"async\" class=\"alignnone wp-image-645 size-full\" src=\"http:\/\/corcovada37.eu\/wp-content\/uploads\/2017\/10\/Bike-rental-300x225.jpg\" width=\"150\" height=\"150\" \/><\/a><\/td>\n<td style=\"border: 0px solid #ff5a00; width: 100%; padding: 2px;\">\n<p style=\"margin-top: 0px;\"><span style=\"color: #172f40;\"><span style=\"color: #152c3c; -webkit-border-horizontal-spacing: 20px;\"><span style=\"color: #31678d; font-weight: bold; font-size: 14px;\">Alquiler de bicicletas Albufeira.<\/span>\u00a0<\/span><\/span><\/p>\n<p style=\"margin-top: 10px; margin-bottom: 5px;\">Ver el Algarve real.<br \/>\nExplore la zona en bicicleta por tour, monta\u00f1a, carrera o pedelec. Tambi\u00e9n hay excursiones de 3 a 4 horas a la costa de 8 horas.<\/p>\n<p style=\"vertical-align: bottom;\"><span style=\"color: #31678d; font-size: 12px;\"><a href=\"http:\/\/www.algarvebikeholidays.com\" target=\"_blank\" rel=\"noopener noreferrer\">www.algarvebikeholidays.com<\/a><\/span><\/p>\n<\/td>\n<\/tr>\n<tr>\n<td style=\"border: 0px solid #ff5a00; vertical-align: top; width: 150px; padding: 2px;\"><a href=\"http:\/\/www.skimolhado.com\" target=\"_blank\" rel=\"noopener noreferrer\"><img loading=\"lazy\" decoding=\"async\" class=\"alignnone wp-image-645 size-full\" src=\"http:\/\/corcovada37.eu\/wp-content\/uploads\/2017\/10\/flyboard.jpg\" width=\"150\" height=\"150\" \/><\/a><\/td>\n<td style=\"border: 0px solid #ff5a00; width: 100%; padding: 2px;\">\n<p style=\"margin-top: 0px;\"><span style=\"color: #172f40;\"><span style=\"color: #152c3c; -webkit-border-horizontal-spacing: 20px;\"><span style=\"color: #31678d; font-weight: bold; font-size: 14px;\">Ski Molhado, Esqui Molhado.<\/span>\u00a0<\/span><\/span><\/p>\n<p style=\"margin-top: 10px; margin-bottom: 5px;\">Deportes acu\u00e1ticos en la playa de Oura.<br \/>\nFlyboard, viaje en lancha a motor, viaje en barco a cuevas y l\u00edneas de aburrimiento. Alquiler de: motos acu\u00e1ticas, pedales, kayaks, canoas. Detr\u00e1s de un bote tirado; Crazy Ufo, Anillos, Bananas, Parasailing, Waterski &amp; Wakeboard.<br \/>\n<span style=\"color: #31678d; font-size: 12px;\"><a href=\"http:\/\/www.skimolhado.com\" target=\"_blank\" rel=\"noopener noreferrer\">www.skimolhado.com<\/a><\/span><\/p>\n<\/td>\n<\/tr>\n<tr>\n<td style=\"border: 0px solid #ff5a00; vertical-align: top; width: 150px; padding: 2px;\"><a href=\"http:\/\/www.zebrasafaritours.com\/en\/\" target=\"_blank\" rel=\"noopener noreferrer\"><img loading=\"lazy\" decoding=\"async\" class=\"alignnone wp-image-645 size-full\" src=\"http:\/\/corcovada37.eu\/wp-content\/uploads\/2017\/10\/zebra-e1508366049343-300x269.jpg\" width=\"150\" height=\"150\" \/><\/a><\/td>\n<td style=\"border: 0px solid #ff5a00; width: 100%; padding: 2px;\">\n<p style=\"margin-top: 0px;\"><span style=\"color: #172f40;\"><span style=\"color: #152c3c; -webkit-border-horizontal-spacing: 20px;\"><span style=\"color: #31678d; font-weight: bold; font-size: 14px;\">Zebra Safari, Safari de Zebra.<\/span>\u00a0<\/span><\/span><\/p>\n<p style=\"margin-top: 10px; margin-bottom: 5px;\">Fant\u00e1sticas visitas guiadas por el Algarve.<br \/>\nExcursi\u00f3n de un d\u00eda safari en Jeep con almuerzo y champ\u00e1n.Tour Bangil en barco por 20 cuevas, vino y arte<\/p>\n<p style=\"vertical-align: bottom;\"><span style=\"color: #31678d; font-size: 12px;\"><a href=\"http:\/\/www.zebrasafaritours.com\/en\/\" target=\"_blank\" rel=\"noopener noreferrer\">www.zebrasafaritours.com\/en\/<\/a><\/span><\/p>\n<\/td>\n<\/tr>\n<tr>\n<td style=\"border: 0px solid #ff5a00; vertical-align: top; width: 150px; padding: 2px;\"><a href=\"http:\/\/www.algarveshopping.pt\/en\" target=\"_blank\" rel=\"noopener noreferrer\"><img loading=\"lazy\" decoding=\"async\" class=\"alignnone wp-image-645 size-full\" src=\"http:\/\/corcovada37.eu\/wp-content\/uploads\/2017\/10\/ALG_HeaderInstitucional_1900x618-1-1200x505-e1508366637688-300x286.png\" width=\"150\" height=\"150\" \/><\/a><\/td>\n<td style=\"border: 0px solid #ff5a00; width: 100%; padding: 2px;\">\n<p style=\"margin-top: 0px;\"><span style=\"color: #172f40;\"><span style=\"color: #152c3c; -webkit-border-horizontal-spacing: 20px;\"><span style=\"color: #31678d; font-weight: bold; font-size: 14px;\">Algave Shopping | Centro comercial<\/span><\/span><\/span><\/p>\n<p style=\"margin-top: 10px; margin-bottom: 5px;\">Comprar en el complejo de la N125 a Guia.<br \/>\nM\u00e1s de 120 tiendas y restaurantes. Ropa, Zapatos, Supermercado Continental, Belleza y salud, Joyer\u00eda y Relojer\u00eda, Zapatos, Ropa Deportiva, Juguetes y art\u00edculos de regalo.<br \/>\nL\u00ednea de autob\u00fas desde la estaci\u00f3n de autobuses de Albufeira.<br \/>\n<span style=\"color: #31678d; font-size: 12px;\"><a href=\"http:\/\/www.algarveshopping.pt\/en\" target=\"_blank\" rel=\"noopener noreferrer\">www.algarveshopping.pt\/<\/a><\/span><\/p>\n<\/td>\n<\/tr>\n<tr>\n<td style=\"border: 0px solid #ff5a00; vertical-align: top; width: 150px; padding: 2px;\"><a href=\"http:\/\/http:\/\/www.parqueaventura.net\/en\/albufeira-en\" target=\"_blank\" rel=\"noopener noreferrer\"><img loading=\"lazy\" decoding=\"async\" class=\"alignnone wp-image-645 size-full\" src=\"http:\/\/corcovada37.eu\/wp-content\/uploads\/2017\/09\/aventura-e1508366011340-300x292.jpg\" width=\"150\" height=\"150\" \/><\/a><\/td>\n<td style=\"border: 0px solid #ff5a00; width: 100%; padding: 2px;\">\n<p style=\"margin-top: 0px;\"><span style=\"color: #172f40;\"><span style=\"color: #152c3c; -webkit-border-horizontal-spacing: 20px;\"><span style=\"color: #31678d; font-weight: bold; font-size: 14px;\">Parque Aventura.<\/span>\u00a0<\/span><\/span><\/p>\n<p style=\"margin-top: 10px; margin-bottom: 5px;\">Bosque de escaladores, Olhos de Aqua.<br \/>\nCaminos de \u00e1rboles, paintball. Cursos de Altas Cuerdas, una actividad de alta altitud que te lleva de \u00e1rbol en \u00e1rbol, donde puedes encontrar diferentes desaf\u00edos, como puentes, redes de cuerda y tirolinas gigantescas.<\/p>\n<p style=\"vertical-align: bottom;\"><span style=\"color: #31678d; font-size: 12px;\"><a href=\"http:\/\/www.parqueaventura.net\/en\/albufeira-en\/\" target=\"_blank\" rel=\"noopener noreferrer\">www.parqueaventura.net\/en\/albufeira-en<\/a><\/span><\/p>\n<\/td>\n<\/tr>\n<\/tbody>\n<\/table>\n<\/div>\n<\/div>\n<\/div>\n<p><\/p>","protected":false},"excerpt":{"rendered":"<p>alrededores En las inmediaciones del apartamento hay mucho que ver y experimentar. El Parque da Corcovada se encuentra a pocos minutos de la ciudad de Albufeira y del casco antiguo. Un bonito y acogedor y sobre todo hermoso casco antiguo donde hay mucho que ver y hacer. Con calles que terminan en las playas de [&hellip;]<\/p>\n","protected":false},"author":1,"featured_media":0,"parent":0,"menu_order":3,"comment_status":"closed","ping_status":"closed","template":"","meta":{"_mi_skip_tracking":false,"footnotes":""},"_links":{"self":[{"href":"http:\/\/corcovada37.eu\/es\/wp-json\/wp\/v2\/pages\/135"}],"collection":[{"href":"http:\/\/corcovada37.eu\/es\/wp-json\/wp\/v2\/pages"}],"about":[{"href":"http:\/\/corcovada37.eu\/es\/wp-json\/wp\/v2\/types\/page"}],"author":[{"embeddable":true,"href":"http:\/\/corcovada37.eu\/es\/wp-json\/wp\/v2\/users\/1"}],"replies":[{"embeddable":true,"href":"http:\/\/corcovada37.eu\/es\/wp-json\/wp\/v2\/comments?post=135"}],"version-history":[{"count":80,"href":"http:\/\/corcovada37.eu\/es\/wp-json\/wp\/v2\/pages\/135\/revisions"}],"predecessor-version":[{"id":1113,"href":"http:\/\/corcovada37.eu\/es\/wp-json\/wp\/v2\/pages\/135\/revisions\/1113"}],"wp:attachment":[{"href":"http:\/\/corcovada37.eu\/es\/wp-json\/wp\/v2\/media?parent=135"}],"curies":[{"name":"wp","href":"https:\/\/api.w.org\/{rel}","templated":true}]}}