{"id":134,"date":"2017-09-05T12:03:58","date_gmt":"2017-09-05T12:03:58","guid":{"rendered":"http:\/\/corcovada37.eu\/?page_id=134"},"modified":"2019-12-23T16:05:26","modified_gmt":"2019-12-23T16:05:26","slug":"appartement","status":"publish","type":"page","link":"http:\/\/corcovada37.eu\/es\/appartement\/","title":{"rendered":"Apartamento"},"content":{"rendered":"<p><\/p>\n<div class=\"art-content-layout layout-item-0\">\n<div class=\"art-content-layout-row\">\n<div class=\"art-layout-cell layout-item-1\" style=\"width: 100%;\">\n<h3 class=\"r\"><span style=\"color: #132735; -webkit-border-vertical-spacing: 30px;\"><span style=\"font-family: Verdana, Geneva, Arial, Helvetica, sans-serif; font-size: 16px; font-weight: bold; line-height: 22px; text-transform: uppercase; color: #31678d; text-shadow: rgba(255, 250, 235, 0.589844) 0px 1px 0px;\">Apartamento<\/span><\/span><\/h3>\n<p style=\"margin-top: 30px;\"><span style=\"color: #172f40;\"><span style=\"color: #152c3c; -webkit-border-horizontal-spacing: 20px;\"><span style=\"color: #31678d; font-weight: bold; font-size: 14px;\">Precioso apartamento de lujo en la planta baja de Corcovada.<\/span>\u00a0<\/span><\/span><\/p>\n<p>&nbsp;<\/p>\n<p>Parque da Corcovada es un complejo de apartamentos situado en una tranquila zona de Albufeira, municipio del Algarve. El apartamento est\u00e1 en el bloque 37 con vistas a la piscina comunitaria y un valle.<\/p>\n<p>En la amplia terraza, accesible desde el sal\u00f3n, usted tiene suficiente privacidad para tomar el sol en una de las camas solares.<br \/>\nDelicioso desayuno al sol de la ma\u00f1ana en la espaciosa mesa con c\u00f3modas sillas con o sin sombrilla.<br \/>\nLa terraza del lado de la calle es tambi\u00e9n un lugar para relajarse.<\/p>\n<p>Amplio sal\u00f3n con mesa de comedor para 6 personas y trona, adem\u00e1s sala de estar con dos c\u00f3modos sof\u00e1s.<br \/>\nTV moderna con m\u00e1s de 150 canales, tambi\u00e9n a nivel internacional, v\u00eda cable portugu\u00e9s, . Mas de 3000 canales y pel\u00edculas a trav\u00e9s de Internet con casi todos los canales espa\u00f1oles e internacionales.<br \/>\nUn reproductor de DVD est\u00e1 disponible con un n\u00famero limitado de DVDs. Acceso a Internet a trav\u00e9s de un canal wifi propio y gratuito para los hu\u00e9spedes.<\/p>\n<p>Amplia cocina totalmente equipada con cuberter\u00eda, vajilla, sartenes, etc.<br \/>\nLavadora, lavavajillas, microondas, horno, cocina, placa de cocci\u00f3n, cafetera (dolce gusto y perlator), tostador, hervidor, frigor\u00edfico y congelador disponibles. Una loggia para un posible secado.<\/p>\n<p>Dos amplias habitaciones.<br \/>\nDormitorio con cama de matrimonio, amplio espacio closet y ba\u00f1o privado con ducha, lavabo, bid\u00e9 y WC.<br \/>\nDormitorio con dos camas individuales, amplio espacio closet.<br \/>\nSegundo ba\u00f1o en el hall tambi\u00e9n con ba\u00f1era, lavabo, bid\u00e9 y WC. Calefacci\u00f3n proporcionada.<br \/>\nAmbos dormitorios tienen acceso a la terraza en el lado de la calle.<br \/>\nLas camas est\u00e1n hechas a su llegada, y se proporcionan suficientes toallas.<br \/>\nLas toallas de playa no est\u00e1n presentes y debes traer las tuyas.<\/p>\n<p>El aparcamiento es posible en el s\u00f3tano donde hay amplio aparcamiento. Control remoto disponible. Con el ascensor se llega a la planta baja.<br \/>\nTambi\u00e9n existe la posibilidad de aparcar en la calle, hay muchos lugares.<\/p>\n<p>La sala central es espaciosa y da acceso a todas las habitaciones y tambi\u00e9n al amplio almac\u00e9n.<br \/>\nDispone de una cuna para 1 persona, una cuna, sillas adicionales para terraza y equipo de limpieza. Hay un sistema de vac\u00edo central en el apartamento.<\/p>\n<p>No se admiten mascotas ni fumar en el apartamento.<\/p>\n<p>El aire acondicionado est\u00e1 disponible en el sal\u00f3n comedor y en ambos dormitorios, tambi\u00e9n sirve como calefacci\u00f3n.<br \/>\nM\u00e1s presente secador de pelo, tabla de planchar y plancha.<\/p>\n<p>&nbsp;<\/p>\n<p>&nbsp;<\/p>\n<p>&nbsp;<\/p>\n<\/div>\n<\/div>\n<\/div>\n<p><\/p>","protected":false},"excerpt":{"rendered":"<p>Apartamento Precioso apartamento de lujo en la planta baja de Corcovada.\u00a0 &nbsp; Parque da Corcovada es un complejo de apartamentos situado en una tranquila zona de Albufeira, municipio del Algarve. El apartamento est\u00e1 en el bloque 37 con vistas a la piscina comunitaria y un valle. En la amplia terraza, accesible desde el sal\u00f3n, usted [&hellip;]<\/p>\n","protected":false},"author":1,"featured_media":0,"parent":0,"menu_order":2,"comment_status":"closed","ping_status":"closed","template":"","meta":{"_mi_skip_tracking":false,"footnotes":""},"_links":{"self":[{"href":"http:\/\/corcovada37.eu\/es\/wp-json\/wp\/v2\/pages\/134"}],"collection":[{"href":"http:\/\/corcovada37.eu\/es\/wp-json\/wp\/v2\/pages"}],"about":[{"href":"http:\/\/corcovada37.eu\/es\/wp-json\/wp\/v2\/types\/page"}],"author":[{"embeddable":true,"href":"http:\/\/corcovada37.eu\/es\/wp-json\/wp\/v2\/users\/1"}],"replies":[{"embeddable":true,"href":"http:\/\/corcovada37.eu\/es\/wp-json\/wp\/v2\/comments?post=134"}],"version-history":[{"count":15,"href":"http:\/\/corcovada37.eu\/es\/wp-json\/wp\/v2\/pages\/134\/revisions"}],"predecessor-version":[{"id":1124,"href":"http:\/\/corcovada37.eu\/es\/wp-json\/wp\/v2\/pages\/134\/revisions\/1124"}],"wp:attachment":[{"href":"http:\/\/corcovada37.eu\/es\/wp-json\/wp\/v2\/media?parent=134"}],"curies":[{"name":"wp","href":"https:\/\/api.w.org\/{rel}","templated":true}]}}